{"id":158,"date":"2025-03-18T15:10:58","date_gmt":"2025-03-18T15:10:58","guid":{"rendered":"https:\/\/alertacom24.com\/?page_id=158"},"modified":"2025-06-27T19:24:43","modified_gmt":"2025-06-27T19:24:43","slug":"alerta-24","status":"publish","type":"page","link":"https:\/\/alertacom24.com\/index.php\/alerta-24\/","title":{"rendered":"Alerta 24"},"content":{"rendered":"\n<div class=\"wp-block-group alignfull has-global-padding is-layout-constrained wp-container-core-group-is-layout-490fa1db wp-block-group-is-layout-constrained\" style=\"padding-top:var(--wp--preset--spacing--50);padding-right:var(--wp--preset--spacing--50);padding-bottom:var(--wp--preset--spacing--50);padding-left:var(--wp--preset--spacing--50)\">\n<h1 class=\"wp-block-heading has-text-align-center\">Seguridad Presencial Confiable y Eficiente<\/h1>\n<\/div>\n\n\n\n<div class=\"wp-block-columns alignfull is-layout-flex wp-container-core-columns-is-layout-28f84493 wp-block-columns-is-layout-flex\">\n<div class=\"wp-block-column is-layout-flow wp-block-column-is-layout-flow\">\n<div class=\"wp-block-cover aligncenter wp-duotone-unset-1\" style=\"min-height:738px;aspect-ratio:unset;\"><span aria-hidden=\"true\" class=\"wp-block-cover__background has-background-dim\" style=\"background-color:#473e34\"><\/span><img loading=\"lazy\" decoding=\"async\" width=\"1280\" height=\"853\" class=\"wp-block-cover__image-background wp-image-223\" alt=\"\" src=\"https:\/\/alertacom24.com\/wp-content\/uploads\/2025\/06\/9.webp\" data-object-fit=\"cover\" srcset=\"https:\/\/alertacom24.com\/wp-content\/uploads\/2025\/06\/9.webp 1280w, https:\/\/alertacom24.com\/wp-content\/uploads\/2025\/06\/9-300x200.webp 300w, https:\/\/alertacom24.com\/wp-content\/uploads\/2025\/06\/9-1024x682.webp 1024w, https:\/\/alertacom24.com\/wp-content\/uploads\/2025\/06\/9-768x512.webp 768w\" sizes=\"auto, (max-width: 1280px) 100vw, 1280px\" \/><div class=\"wp-block-cover__inner-container has-global-padding is-layout-constrained wp-block-cover-is-layout-constrained\">\n<p class=\"has-text-align-center has-large-font-size\"><\/p>\n<\/div><\/div>\n<\/div>\n<\/div>\n\n\n\n<div class=\"wp-block-group alignfull has-global-padding is-layout-constrained wp-container-core-group-is-layout-490fa1db wp-block-group-is-layout-constrained\" style=\"padding-top:var(--wp--preset--spacing--50);padding-right:var(--wp--preset--spacing--50);padding-bottom:var(--wp--preset--spacing--50);padding-left:var(--wp--preset--spacing--50)\">\n<p>Ofrecemos un servicio de guardian\u00eda f\u00edsica de alto nivel, dise\u00f1ado para brindar protecci\u00f3n integral a residencias, empresas y espacios p\u00fablicos. Contamos con un equipo de guardias altamente capacitados, comprometidos con la seguridad y preparados para responder de manera eficiente ante cualquier situaci\u00f3n de riesgo.<\/p>\n\n\n\n<p>Nuestros guardias no solo garantizan presencia activa y disuasi\u00f3n, sino que tambi\u00e9n realizan controles de acceso, patrullajes estrat\u00e9gicos y seguimiento constante para prevenir incidentes. Adem\u00e1s, trabajamos en coordinaci\u00f3n con las autoridades locales y reforzamos nuestra labor con tecnolog\u00eda de \u00faltima generaci\u00f3n, asegurando una vigilancia m\u00e1s efectiva.<\/p>\n\n\n\n<p>Con Alerta 24, la tranquilidad de nuestros clientes est\u00e1 en manos expertas. Nuestra experiencia y compromiso con la seguridad nos convierten en una opci\u00f3n confiable para quienes buscan protecci\u00f3n f\u00edsica con altos est\u00e1ndares de calidad.<\/p>\n<\/div>\n\n\n\n<div class=\"wp-block-group alignfull has-base-color has-contrast-background-color has-text-color has-background has-global-padding is-layout-constrained wp-container-core-group-is-layout-ef3d885c wp-block-group-is-layout-constrained\" style=\"margin-top:0;margin-bottom:0;padding-top:var(--wp--preset--spacing--60);padding-right:var(--wp--preset--spacing--60);padding-bottom:var(--wp--preset--spacing--60);padding-left:var(--wp--preset--spacing--60)\">\n<div class=\"wp-block-group has-global-padding is-layout-constrained wp-block-group-is-layout-constrained\">\n<p class=\"has-text-align-center has-base-color has-text-color has-system-sans-serif-font-family has-large-font-size\" style=\"line-height:1.2\"><em>\u201c<\/em>Liderar una de las mejores empresas de tecnolog\u00edas de seguridad en el Ecuador, ha sido uno de los principales desaf\u00edos de mi vida. Demanda de constante actualizaci\u00f3n, innovaci\u00f3n y adaptaci\u00f3n a la vertiginosa evoluci\u00f3n de los sistemas de seguridad modernos. La tecnolog\u00eda es el futuro de la seguridad y as\u00ed lo entendemos para garantizar tranquilidad a nuestros clientes.<br><em>Pasi\u00f3n por la Seguridad.\u201d<\/em><\/p>\n\n\n\n<div style=\"height:var(--wp--preset--spacing--10)\" aria-hidden=\"true\" class=\"wp-block-spacer\"><\/div>\n\n\n\n<div class=\"wp-block-group is-vertical is-content-justification-center is-nowrap is-layout-flex wp-container-core-group-is-layout-2dc08cea wp-block-group-is-layout-flex\">\n<figure class=\"wp-block-image aligncenter size-thumbnail is-resized has-custom-border\"><img loading=\"lazy\" decoding=\"async\" width=\"150\" height=\"150\" src=\"https:\/\/alertacom24.com\/wp-content\/uploads\/2025\/03\/capt-150x150.png\" alt=\"\" class=\"wp-image-175\" style=\"border-radius:100px;object-fit:cover;width:84px;height:auto\" srcset=\"https:\/\/alertacom24.com\/wp-content\/uploads\/2025\/03\/capt-150x150.png 150w, https:\/\/alertacom24.com\/wp-content\/uploads\/2025\/03\/capt-300x300.png 300w, https:\/\/alertacom24.com\/wp-content\/uploads\/2025\/03\/capt-768x772.png 768w, https:\/\/alertacom24.com\/wp-content\/uploads\/2025\/03\/capt.png 804w\" sizes=\"auto, (max-width: 150px) 100vw, 150px\" \/><\/figure>\n\n\n\n<p class=\"has-text-align-center\" style=\"margin-top:var(--wp--preset--spacing--10);margin-bottom:0;font-size:clamp(18.434px, 1.152rem + ((1vw - 3.2px) * 1.101), 29px);\">Capt. Ing. Seg. Marco V. Heredia R.<\/p>\n\n\n\n<p class=\"has-text-align-center has-contrast-3-color has-text-color has-medium-font-size\" style=\"font-style:normal;font-weight:300\">Alerta 24<\/p>\n<\/div>\n<\/div>\n<\/div>\n","protected":false},"excerpt":{"rendered":"<p>Seguridad Presencial Confiable y Eficiente Ofrecemos un servicio de guardian\u00eda f\u00edsica de alto nivel, dise\u00f1ado para brindar protecci\u00f3n integral a residencias, empresas y espacios p\u00fablicos. Contamos con un equipo de guardias altamente capacitados, comprometidos con la seguridad y preparados para responder de manera eficiente ante cualquier situaci\u00f3n de riesgo. Nuestros guardias no solo garantizan presencia [&hellip;]<\/p>\n","protected":false},"author":1,"featured_media":0,"parent":0,"menu_order":0,"comment_status":"closed","ping_status":"closed","template":"page-no-title","meta":{"footnotes":""},"class_list":["post-158","page","type-page","status-publish","hentry"],"_links":{"self":[{"href":"https:\/\/alertacom24.com\/index.php\/wp-json\/wp\/v2\/pages\/158","targetHints":{"allow":["GET"]}}],"collection":[{"href":"https:\/\/alertacom24.com\/index.php\/wp-json\/wp\/v2\/pages"}],"about":[{"href":"https:\/\/alertacom24.com\/index.php\/wp-json\/wp\/v2\/types\/page"}],"author":[{"embeddable":true,"href":"https:\/\/alertacom24.com\/index.php\/wp-json\/wp\/v2\/users\/1"}],"replies":[{"embeddable":true,"href":"https:\/\/alertacom24.com\/index.php\/wp-json\/wp\/v2\/comments?post=158"}],"version-history":[{"count":15,"href":"https:\/\/alertacom24.com\/index.php\/wp-json\/wp\/v2\/pages\/158\/revisions"}],"predecessor-version":[{"id":281,"href":"https:\/\/alertacom24.com\/index.php\/wp-json\/wp\/v2\/pages\/158\/revisions\/281"}],"wp:attachment":[{"href":"https:\/\/alertacom24.com\/index.php\/wp-json\/wp\/v2\/media?parent=158"}],"curies":[{"name":"wp","href":"https:\/\/api.w.org\/{rel}","templated":true}]}}