{"id":121,"date":"2025-03-18T04:28:13","date_gmt":"2025-03-18T04:28:13","guid":{"rendered":"https:\/\/alertacom24.com\/?page_id=121"},"modified":"2025-06-27T20:22:49","modified_gmt":"2025-06-27T20:22:49","slug":"servicios","status":"publish","type":"page","link":"https:\/\/alertacom24.com\/index.php\/servicios\/","title":{"rendered":"Servicios"},"content":{"rendered":"\n<div class=\"wp-block-group alignfull has-global-padding is-layout-constrained wp-container-core-group-is-layout-301020a0 wp-block-group-is-layout-constrained\" style=\"padding-top:var(--wp--preset--spacing--50);padding-right:var(--wp--preset--spacing--50);padding-bottom:var(--wp--preset--spacing--50);padding-left:var(--wp--preset--spacing--50)\">\n<div class=\"wp-block-columns alignwide is-layout-flex wp-container-core-columns-is-layout-08c01c1c wp-block-columns-is-layout-flex\">\n<div class=\"wp-block-column is-layout-flow wp-block-column-is-layout-flow\" style=\"flex-basis:33%\">\n<h2 class=\"wp-block-heading has-xx-large-font-size\">Servicios<\/h2>\n\n\n\n<p><strong>Protecci\u00f3n 24\/7 con tecnolog\u00eda avanzada.<\/strong> Guardia Virtual previene incidentes con monitoreo en tiempo real y respuesta inmediata. <strong>Tu seguridad, sin distracciones ni puntos ciegos.<\/strong><\/p>\n<\/div>\n\n\n\n<div class=\"wp-block-column is-layout-flow wp-container-core-column-is-layout-119bc444 wp-block-column-is-layout-flow\">\n<figure class=\"wp-block-gallery has-nested-images columns-default is-cropped wp-block-gallery-1 is-layout-flex wp-block-gallery-is-layout-flex\">\n<figure class=\"wp-block-image size-large\"><img loading=\"lazy\" decoding=\"async\" width=\"1024\" height=\"682\" data-id=\"240\" src=\"https:\/\/alertacom24.com\/wp-content\/uploads\/2025\/06\/3-1024x682.webp\" alt=\"\" class=\"wp-image-240\" srcset=\"https:\/\/alertacom24.com\/wp-content\/uploads\/2025\/06\/3-1024x682.webp 1024w, https:\/\/alertacom24.com\/wp-content\/uploads\/2025\/06\/3-300x200.webp 300w, https:\/\/alertacom24.com\/wp-content\/uploads\/2025\/06\/3-768x512.webp 768w, https:\/\/alertacom24.com\/wp-content\/uploads\/2025\/06\/3.webp 1280w\" sizes=\"auto, (max-width: 1024px) 100vw, 1024px\" \/><\/figure>\n<\/figure>\n<\/div>\n<\/div>\n<\/div>\n\n\n\n<hr class=\"wp-block-separator alignfull has-alpha-channel-opacity\"\/>\n\n\n\n<div style=\"height:100px\" aria-hidden=\"true\" class=\"wp-block-spacer\"><\/div>\n\n\n\n<figure class=\"wp-block-image size-large\"><img loading=\"lazy\" decoding=\"async\" width=\"1024\" height=\"920\" src=\"https:\/\/alertacom24.com\/wp-content\/uploads\/2025\/06\/2147922174-e1750969856141-1024x920.webp\" alt=\"\" class=\"wp-image-228\" srcset=\"https:\/\/alertacom24.com\/wp-content\/uploads\/2025\/06\/2147922174-e1750969856141-1024x920.webp 1024w, https:\/\/alertacom24.com\/wp-content\/uploads\/2025\/06\/2147922174-e1750969856141-300x270.webp 300w, https:\/\/alertacom24.com\/wp-content\/uploads\/2025\/06\/2147922174-e1750969856141-768x690.webp 768w, https:\/\/alertacom24.com\/wp-content\/uploads\/2025\/06\/2147922174-e1750969856141.webp 1113w\" sizes=\"auto, (max-width: 1024px) 100vw, 1024px\" \/><\/figure>\n\n\n\n<div class=\"wp-block-group is-vertical is-content-justification-left is-nowrap is-layout-flex wp-container-core-group-is-layout-970da055 wp-block-group-is-layout-flex\">\n<h3 class=\"wp-block-heading has-text-align-left has-gunplay-font-family has-large-font-size\">Instalaci\u00f3n de Equipos<\/h3>\n\n\n\n<p><em>Como parte del paquete base se incluye la instalaci\u00f3n de c\u00e1maras de vigilancia y bocinas de perifoneo, brindando una soluci\u00f3n integral para monitoreo y alerta a tiempo real, garantizando una mayor seguridad para tu propiedad.<\/em><\/p>\n<\/div>\n\n\n\n<div style=\"height:100px\" aria-hidden=\"true\" class=\"wp-block-spacer\"><\/div>\n\n\n\n<figure class=\"wp-block-image size-large\"><img loading=\"lazy\" decoding=\"async\" width=\"1024\" height=\"884\" src=\"https:\/\/alertacom24.com\/wp-content\/uploads\/2025\/06\/549-e1750969785144-1024x884.webp\" alt=\"\" class=\"wp-image-229\" srcset=\"https:\/\/alertacom24.com\/wp-content\/uploads\/2025\/06\/549-e1750969785144-1024x884.webp 1024w, https:\/\/alertacom24.com\/wp-content\/uploads\/2025\/06\/549-e1750969785144-300x259.webp 300w, https:\/\/alertacom24.com\/wp-content\/uploads\/2025\/06\/549-e1750969785144-768x663.webp 768w, https:\/\/alertacom24.com\/wp-content\/uploads\/2025\/06\/549-e1750969785144.webp 1158w\" sizes=\"auto, (max-width: 1024px) 100vw, 1024px\" \/><\/figure>\n\n\n\n<h3 class=\"wp-block-heading has-text-align-right has-gunplay-font-family has-large-font-size\">An\u00e1lisis de Vulnerabilidad<\/h3>\n\n\n\n<p class=\"has-text-align-right\"><em>Dentro de este servicio, realizamos un an\u00e1lisis de vulnerabilidad para identificar los puntos cr\u00edticos de seguridad en tu propiedad, asegurando que nuestras soluciones est\u00e9n perfectamente adaptadas a tus necesidades.<\/em><\/p>\n\n\n\n<div style=\"height:100px\" aria-hidden=\"true\" class=\"wp-block-spacer\"><\/div>\n\n\n\n<figure class=\"wp-block-image size-full\"><img loading=\"lazy\" decoding=\"async\" width=\"962\" height=\"844\" src=\"https:\/\/alertacom24.com\/wp-content\/uploads\/2025\/06\/32778.webp\" alt=\"\" class=\"wp-image-238\" srcset=\"https:\/\/alertacom24.com\/wp-content\/uploads\/2025\/06\/32778.webp 962w, https:\/\/alertacom24.com\/wp-content\/uploads\/2025\/06\/32778-300x263.webp 300w, https:\/\/alertacom24.com\/wp-content\/uploads\/2025\/06\/32778-768x674.webp 768w\" sizes=\"auto, (max-width: 962px) 100vw, 962px\" \/><\/figure>\n\n\n\n<h3 class=\"wp-block-heading has-text-align-left has-gunplay-font-family has-large-font-size\">Sobre inteligencia artificial (IA)<\/h3>\n\n\n\n<p><em>Nuestra IA analiza en tiempo real los movimientos captados por tus c\u00e1maras, distingue entre una amenaza real y una falsa alarma, y prioriza las alertas cr\u00edticas.<\/em><\/p>\n\n\n\n<p><em>Esto significa menos errores, m\u00e1s precisi\u00f3n y una protecci\u00f3n inteligente.<\/em><\/p>\n\n\n\n<div style=\"height:100px\" aria-hidden=\"true\" class=\"wp-block-spacer\"><\/div>\n\n\n\n<figure class=\"wp-block-image size-large\"><img loading=\"lazy\" decoding=\"async\" width=\"1024\" height=\"1024\" src=\"https:\/\/alertacom24.com\/wp-content\/uploads\/2025\/06\/un-primer-plano-en-el-casco-de-motocicleta-pequeno-1-1024x1024.webp\" alt=\"\" class=\"wp-image-231\" srcset=\"https:\/\/alertacom24.com\/wp-content\/uploads\/2025\/06\/un-primer-plano-en-el-casco-de-motocicleta-pequeno-1-1024x1024.webp 1024w, https:\/\/alertacom24.com\/wp-content\/uploads\/2025\/06\/un-primer-plano-en-el-casco-de-motocicleta-pequeno-1-300x300.webp 300w, https:\/\/alertacom24.com\/wp-content\/uploads\/2025\/06\/un-primer-plano-en-el-casco-de-motocicleta-pequeno-1-150x150.webp 150w, https:\/\/alertacom24.com\/wp-content\/uploads\/2025\/06\/un-primer-plano-en-el-casco-de-motocicleta-pequeno-1-768x768.webp 768w, https:\/\/alertacom24.com\/wp-content\/uploads\/2025\/06\/un-primer-plano-en-el-casco-de-motocicleta-pequeno-1.webp 1183w\" sizes=\"auto, (max-width: 1024px) 100vw, 1024px\" \/><\/figure>\n\n\n\n<h3 class=\"wp-block-heading has-gunplay-font-family has-large-font-size\">Visita de Control Motorizado<\/h3>\n\n\n\n<p><em>Una de las caracter\u00edsticas clave de nuestro paquete base es la visita de control del motorizado, quien realiza rondas de supervisi\u00f3n para garantizar la seguridad de tu propiedad.<\/em><\/p>\n\n\n\n<div style=\"height:100px\" aria-hidden=\"true\" class=\"wp-block-spacer\"><\/div>\n\n\n\n<figure class=\"wp-block-image size-large\"><img loading=\"lazy\" decoding=\"async\" width=\"819\" height=\"1024\" src=\"https:\/\/alertacom24.com\/wp-content\/uploads\/2025\/06\/Artboard-1_1@2x-819x1024.png\" alt=\"\" class=\"wp-image-232\" srcset=\"https:\/\/alertacom24.com\/wp-content\/uploads\/2025\/06\/Artboard-1_1@2x-819x1024.png 819w, https:\/\/alertacom24.com\/wp-content\/uploads\/2025\/06\/Artboard-1_1@2x-240x300.png 240w, https:\/\/alertacom24.com\/wp-content\/uploads\/2025\/06\/Artboard-1_1@2x-768x960.png 768w, https:\/\/alertacom24.com\/wp-content\/uploads\/2025\/06\/Artboard-1_1@2x-1229x1536.png 1229w, https:\/\/alertacom24.com\/wp-content\/uploads\/2025\/06\/Artboard-1_1@2x-1638x2048.png 1638w\" sizes=\"auto, (max-width: 819px) 100vw, 819px\" \/><\/figure>\n\n\n\n<h3 class=\"wp-block-heading has-text-align-left has-gunplay-font-family has-large-font-size\">Paquete Personalizado<\/h3>\n\n\n\n<p class=\"has-text-align-left\"><em>Entendemos que cada propiedad tiene necesidades \u00fanicas, por lo que ofrecemos la posibilidad de personalizar el paquete, a\u00f1adiendo caracter\u00edsticas adicionales como m\u00e1s puntos de vigilancia, sistemas de alerta avanzados, o monitoreo 24\/7, todo seg\u00fan tus requerimientos espec\u00edficos.<\/em><\/p>\n\n\n\n<div style=\"height:100px\" aria-hidden=\"true\" class=\"wp-block-spacer\"><\/div>\n\n\n\n<div class=\"wp-block-cover alignfull has-parallax is-layout-flow wp-block-cover-is-layout-flow wp-duotone-272727-rgb1792626-2\" style=\"min-height:100vh;aspect-ratio:unset;\"><span aria-hidden=\"true\" class=\"wp-block-cover__background has-background-dim-40 has-background-dim\" style=\"background-color:#000000\"><\/span><div class=\"wp-block-cover__image-background wp-image-39 has-parallax\" style=\"background-position:50% 50%;background-image:url(https:\/\/alertacom24.com\/wp-content\/uploads\/2025\/03\/IMG_1380-1-scaled.jpg)\"><\/div><div class=\"wp-block-cover__inner-container\"><\/div><\/div>\n","protected":false},"excerpt":{"rendered":"<p>Servicios Protecci\u00f3n 24\/7 con tecnolog\u00eda avanzada. Guardia Virtual previene incidentes con monitoreo en tiempo real y respuesta inmediata. Tu seguridad, sin distracciones ni puntos ciegos. Instalaci\u00f3n de Equipos Como parte del paquete base se incluye la instalaci\u00f3n de c\u00e1maras de vigilancia y bocinas de perifoneo, brindando una soluci\u00f3n integral para monitoreo y alerta a tiempo [&hellip;]<\/p>\n","protected":false},"author":1,"featured_media":0,"parent":0,"menu_order":0,"comment_status":"closed","ping_status":"closed","template":"page-no-title","meta":{"footnotes":""},"class_list":["post-121","page","type-page","status-publish","hentry"],"_links":{"self":[{"href":"https:\/\/alertacom24.com\/index.php\/wp-json\/wp\/v2\/pages\/121","targetHints":{"allow":["GET"]}}],"collection":[{"href":"https:\/\/alertacom24.com\/index.php\/wp-json\/wp\/v2\/pages"}],"about":[{"href":"https:\/\/alertacom24.com\/index.php\/wp-json\/wp\/v2\/types\/page"}],"author":[{"embeddable":true,"href":"https:\/\/alertacom24.com\/index.php\/wp-json\/wp\/v2\/users\/1"}],"replies":[{"embeddable":true,"href":"https:\/\/alertacom24.com\/index.php\/wp-json\/wp\/v2\/comments?post=121"}],"version-history":[{"count":21,"href":"https:\/\/alertacom24.com\/index.php\/wp-json\/wp\/v2\/pages\/121\/revisions"}],"predecessor-version":[{"id":292,"href":"https:\/\/alertacom24.com\/index.php\/wp-json\/wp\/v2\/pages\/121\/revisions\/292"}],"wp:attachment":[{"href":"https:\/\/alertacom24.com\/index.php\/wp-json\/wp\/v2\/media?parent=121"}],"curies":[{"name":"wp","href":"https:\/\/api.w.org\/{rel}","templated":true}]}}